{"id":5,"date":"2021-12-09T08:18:22","date_gmt":"2021-12-09T08:18:22","guid":{"rendered":"http:\/\/ritmogrup.com\/?page_id=5"},"modified":"2023-09-08T09:25:51","modified_gmt":"2023-09-08T09:25:51","slug":"hizmetlerimiz","status":"publish","type":"page","link":"https:\/\/ritmogrup.com\/?page_id=5","title":{"rendered":"Hizmetlerimiz"},"content":{"rendered":"<div\n      class=\"kv-control-placeholder kv-_page\"\n      data-kv-control=\"1\">\n    <\/div> <section class=\"background-id_0adjacent section-98 jetahi27 gesusu60 undefined undefined\" style=\" position:relative;\">\n  <a name=\"section98\"><\/a>\n    <div\n    class=\"kv-control-placeholder kv-_section\"\n    data-kv-control=\"background\">\n  <\/div> <div class='kv-background  ' style=\" background-color: rgb(249,249,249);\">\n        \n        <div class='kv-background-inner '  style=\"\n          \n          \n          \n          background-color: rgb(249,249,249);\n          \"><\/div>\n          \n<\/div>\n\n  <div class=\"position-relative kv-content\">\n    <div\n    class=\"kv-control-placeholder kv-_section\"\n    data-kv-control=\"content\">\n  <\/div> <div class=\"kv-ee-container \"><div class=\"kv-ee-row\"><div class=\"kv-ee-col-lg-8 kv-ee-text-center kv-ee-section-text\"> <h2 class=\"kv-ee-section-title\" data-type=\"text\" tabindex=\"0\">Hizmetlerimiz<span data-prop=\"title\" class=\"ck-editable-element\" data-editable=\"basic\" style=\"display:none;\"><\/span><\/h2>  <p class=\"kv-ee-section-description kv-ee-description\" data-type=\"text\" tabindex=\"0\">Verdi\u011fimiz hizmetlerden baz\u0131lar\u0131<span data-prop=\"description\" class=\"ck-editable-element\" data-editable=\"basic\" style=\"display:none;\"><\/span><\/p> <\/div><div class=\"kv-ee-col-12\"> <div\n    class=\"kv-control-placeholder kv-_content\"\n    data-kv-control=\"list\">\n  <\/div><div class=\"kv-ee-list-control\">\n    <div class=\"kv-ee-row\" data-type=\"list\">\n        <div\n    class=\"kv-control-placeholder kv-_list\"\n    data-kv-control=\"0\">\n  <\/div> <div class=\"kv-ee-col-12 kv-ee-col-sm-6 kv-ee-dlist\"><div class=\"kv-ee-content-card kv-ee-default-card  \"><div class=\"kv-ee-aspect-ratio kv-ee-landscape\"> <div\n      data-type=\"image\" data-property=\"image\"\n       class=\"kv-ee-photo kv-ee-gallery kv-ee-content-image \" role=\"img\" data-src=\"https:\/\/images.builderservices.io\/s\/cdn\/v1.0\/i\/m?url=https%3A%2F%2Fstorage.googleapis.com%2Fproduction-bluehost-v1-0-1%2F521%2F1156521%2FWTBDrEvf%2F03b80762d56c4c8e8a59bba636c01837&#038;methods=resize%2C60%2C5000\" data-src-normal=\"https:\/\/images.builderservices.io\/s\/cdn\/v1.0\/i\/m?url=https%3A%2F%2Fstorage.googleapis.com%2Fproduction-bluehost-v1-0-1%2F521%2F1156521%2FWTBDrEvf%2F03b80762d56c4c8e8a59bba636c01837&#038;methods=resize%2C600%2C5000\" data-src-retina=\"https:\/\/images.builderservices.io\/s\/cdn\/v1.0\/i\/m?url=https%3A%2F%2Fstorage.googleapis.com%2Fproduction-bluehost-v1-0-1%2F521%2F1156521%2FWTBDrEvf%2F03b80762d56c4c8e8a59bba636c01837&#038;methods=resize%2C900%2C5000\"\n      style=\"background-position: center center;background-repeat: no-repeat;\"\n      data-setting=\"border\"\n      role=\"img\"\n    ><\/div> <\/div>  <div class=\"kv-ee-text-content \"><div> <h3 class=\"kv-ee-title--sm\" data-type=\"text\" tabindex=\"0\">Mekanik\/Motor<span data-prop=\"title\" class=\"ck-editable-element\" data-editable=\"basic\" style=\"display:none;\"><\/span><\/h3> <p class=\"kv-ee-item-subtitle kv-ee-body--sm\" data-type=\"text\" tabindex=\"0\">Tamiri<span data-prop=\"subtitle\" class=\"ck-editable-element\" data-editable=\"basic\" style=\"display:none;\"><\/span><\/p> <p class=\"kv-ee-mb-0\" data-type=\"text\" tabindex=\"0\">Her marka ve modelden ara\u00e7lar\u0131n\u0131z\u0131n motor mekanik tamirlerini yap\u0131yoruz<span data-prop=\"description\" class=\"ck-editable-element\" data-editable=\"basic\" style=\"display:none;\"><\/span><\/p> <\/div><\/div>  <\/div><\/div>\n        <div\n    class=\"kv-control-placeholder kv-_list\"\n    data-kv-control=\"1\">\n  <\/div> <div class=\"kv-ee-col-12 kv-ee-col-sm-6 kv-ee-dlist\"><div class=\"kv-ee-content-card kv-ee-default-card  \"><div class=\"kv-ee-aspect-ratio kv-ee-landscape\"> <div\n      data-type=\"image\" data-property=\"image\"\n       class=\"kv-ee-photo kv-ee-gallery kv-ee-content-image \" role=\"img\" data-src=\"https:\/\/images.builderservices.io\/s\/cdn\/v1.0\/i\/m?url=https%3A%2F%2Fstorage.googleapis.com%2Fproduction-bluehost-v1-0-1%2F521%2F1156521%2FWTBDrEvf%2Fba39b43d6bb3429a9122a5326be189ae&#038;methods=resize%2C60%2C5000\" data-src-normal=\"https:\/\/images.builderservices.io\/s\/cdn\/v1.0\/i\/m?url=https%3A%2F%2Fstorage.googleapis.com%2Fproduction-bluehost-v1-0-1%2F521%2F1156521%2FWTBDrEvf%2Fba39b43d6bb3429a9122a5326be189ae&#038;methods=resize%2C600%2C5000\" data-src-retina=\"https:\/\/images.builderservices.io\/s\/cdn\/v1.0\/i\/m?url=https%3A%2F%2Fstorage.googleapis.com%2Fproduction-bluehost-v1-0-1%2F521%2F1156521%2FWTBDrEvf%2Fba39b43d6bb3429a9122a5326be189ae&#038;methods=resize%2C900%2C5000\"\n      style=\"background-position: center center;background-repeat: no-repeat;\"\n      data-setting=\"border\"\n      role=\"img\"\n    ><\/div> <\/div>  <div class=\"kv-ee-text-content \"><div> <h3 class=\"kv-ee-title--sm\" data-type=\"text\" tabindex=\"0\"><font class=\"cstm-fnt\" style=\"font-size: 90.01%;\">Elektrik &#8211; Elektronik\n\n<\/font><span data-prop=\"title\" class=\"ck-editable-element\" data-editable=\"basic\" style=\"display:none;\"><\/span><\/h3> <p class=\"kv-ee-item-subtitle kv-ee-body--sm\" data-type=\"text\" tabindex=\"0\">Tamiri<span data-prop=\"subtitle\" class=\"ck-editable-element\" data-editable=\"basic\" style=\"display:none;\"><\/span><\/p> <p class=\"kv-ee-mb-0\" data-type=\"text\" tabindex=\"0\">Her marka ve modelden ara\u00e7lar\u0131n\u0131z\u0131n elektik ve elektronik kaynakl\u0131 ar\u0131zalar\u0131n\u0131n tamirlerini yap\u0131yoruz.<span data-prop=\"description\" class=\"ck-editable-element\" data-editable=\"basic\" style=\"display:none;\"><\/span><\/p> <\/div><\/div>  <\/div><\/div>\n        <div\n    class=\"kv-control-placeholder kv-_list\"\n    data-kv-control=\"2\">\n  <\/div> <div class=\"kv-ee-col-12 kv-ee-col-sm-6 kv-ee-dlist\"><div class=\"kv-ee-content-card kv-ee-default-card  \"><div class=\"kv-ee-aspect-ratio kv-ee-landscape\"> <div\n      data-type=\"image\" data-property=\"image\"\n       class=\"kv-ee-photo kv-ee-gallery kv-ee-content-image \" role=\"img\" data-src=\"https:\/\/images.builderservices.io\/s\/cdn\/v1.0\/i\/m?url=https%3A%2F%2Fstorage.googleapis.com%2Fproduction-bluehost-v1-0-1%2F521%2F1156521%2FWTBDrEvf%2Fcfb26ec4f6c4439f8b5a688bb077d21d&#038;methods=resize%2C60%2C5000\" data-src-normal=\"https:\/\/images.builderservices.io\/s\/cdn\/v1.0\/i\/m?url=https%3A%2F%2Fstorage.googleapis.com%2Fproduction-bluehost-v1-0-1%2F521%2F1156521%2FWTBDrEvf%2Fcfb26ec4f6c4439f8b5a688bb077d21d&#038;methods=resize%2C600%2C5000\" data-src-retina=\"https:\/\/images.builderservices.io\/s\/cdn\/v1.0\/i\/m?url=https%3A%2F%2Fstorage.googleapis.com%2Fproduction-bluehost-v1-0-1%2F521%2F1156521%2FWTBDrEvf%2Fcfb26ec4f6c4439f8b5a688bb077d21d&#038;methods=resize%2C900%2C5000\"\n      style=\"background-position: center center;background-repeat: no-repeat;\"\n      data-setting=\"border\"\n      role=\"img\"\n    ><\/div> <\/div>  <div class=\"kv-ee-text-content \"><div> <h3 class=\"kv-ee-title--sm\" data-type=\"text\" tabindex=\"0\">Kaporta &#8211; Boya\n\n<span data-prop=\"title\" class=\"ck-editable-element\" data-editable=\"basic\" style=\"display:none;\"><\/span><\/h3> <p class=\"kv-ee-item-subtitle kv-ee-body--sm\" data-type=\"text\" tabindex=\"0\">\u0130\u015fleri<span data-prop=\"subtitle\" class=\"ck-editable-element\" data-editable=\"basic\" style=\"display:none;\"><\/span><\/p> <p class=\"kv-ee-mb-0\" data-type=\"text\" tabindex=\"0\">Ara\u00e7lar\u0131n\u0131zdaki her boyutta kaporta hasarlar\u0131 d\u00fczeltilir, boya ve bak\u0131m i\u015fleri yap\u0131l\u0131r<span data-prop=\"description\" class=\"ck-editable-element\" data-editable=\"basic\" style=\"display:none;\"><\/span><\/p> <\/div><\/div>  <\/div><\/div>\n        <div\n    class=\"kv-control-placeholder kv-_list\"\n    data-kv-control=\"3\">\n  <\/div> <div class=\"kv-ee-col-12 kv-ee-col-sm-6 kv-ee-dlist\"><div class=\"kv-ee-content-card kv-ee-default-card  \"><div class=\"kv-ee-aspect-ratio kv-ee-landscape\"> <div\n      data-type=\"image\" data-property=\"image\"\n       class=\"kv-ee-photo kv-ee-gallery kv-ee-content-image \" role=\"img\" data-src=\"https:\/\/images.builderservices.io\/s\/cdn\/v1.0\/i\/m?url=https%3A%2F%2Fimages.unsplash.com%2Fphoto-1539799139339-50c5fe1e2b1b%3Fcrop%3Dentropy%26cs%3Dtinysrgb%26fit%3Dmax%26fm%3Djpg%26ixid%3DMnw1NTEzfDB8MXxzZWFyY2h8MTF8fGF1dG9tb3RpdmV8ZW58MHx8fHwxNjM4OTk0MTA5%26ixlib%3Drb-1.2.1%26q%3D80%26w%3D60\" data-src-normal=\"https:\/\/images.builderservices.io\/s\/cdn\/v1.0\/i\/m?url=https%3A%2F%2Fimages.unsplash.com%2Fphoto-1539799139339-50c5fe1e2b1b%3Fcrop%3Dentropy%26cs%3Dtinysrgb%26fit%3Dmax%26fm%3Djpg%26ixid%3DMnw1NTEzfDB8MXxzZWFyY2h8MTF8fGF1dG9tb3RpdmV8ZW58MHx8fHwxNjM4OTk0MTA5%26ixlib%3Drb-1.2.1%26q%3D80%26w%3D600\" data-src-retina=\"https:\/\/images.builderservices.io\/s\/cdn\/v1.0\/i\/m?url=https%3A%2F%2Fimages.unsplash.com%2Fphoto-1539799139339-50c5fe1e2b1b%3Fcrop%3Dentropy%26cs%3Dtinysrgb%26fit%3Dmax%26fm%3Djpg%26ixid%3DMnw1NTEzfDB8MXxzZWFyY2h8MTF8fGF1dG9tb3RpdmV8ZW58MHx8fHwxNjM4OTk0MTA5%26ixlib%3Drb-1.2.1%26q%3D80%26w%3D900\"\n      style=\"background-position: center center;background-repeat: no-repeat;\"\n      data-setting=\"border\"\n      role=\"img\"\n    ><\/div> <\/div>  <div class=\"kv-ee-text-content \"><div> <h3 class=\"kv-ee-title--sm\" data-type=\"text\" tabindex=\"0\">Periyodik Bak\u0131m\n\n<span data-prop=\"title\" class=\"ck-editable-element\" data-editable=\"basic\" style=\"display:none;\"><\/span><\/h3> <p class=\"kv-ee-item-subtitle kv-ee-body--sm\" data-type=\"text\" tabindex=\"0\">Ya\u011f &#8211; Filtre &#8211; Balata\n<span data-prop=\"subtitle\" class=\"ck-editable-element\" data-editable=\"basic\" style=\"display:none;\"><\/span><\/p> <p class=\"kv-ee-mb-0\" data-type=\"text\" tabindex=\"0\">Her marka ve modelden ara\u00e7lar\u0131n\u0131z\u0131n kilometresine g\u00f6re periyodik bak\u0131m\u0131 yap\u0131l\u0131r. Ya\u011f ve filtreleri de\u011fi\u015ftirilir.\n<span data-prop=\"description\" class=\"ck-editable-element\" data-editable=\"basic\" style=\"display:none;\"><\/span><\/p> <\/div><\/div>  <\/div><\/div>\n    <\/div>\n<\/div> <\/div><\/div><\/div>\n  <\/div>\n<\/section>\n<style scoped>.jetahi27 .kv-ee-container{padding-top:3.5rem;padding-bottom:3.5rem}.jetahi27 .kv-ee-row{justify-content:center}.jetahi27 h2{line-height:3rem;color:var(--kv-ee-text2)}.jetahi27 p.kv-ee-description{line-height:1.5rem;margin-top:1.5rem;margin-bottom:1.5rem}.gesusu60 .kv-ee-content-card{background:var(--kv-ee-card);color:var(--kv-ee-text1-card);text-shadow:none;margin:15px 0;overflow:hidden;transition:box-shadow 300ms}.gesusu60 .kv-ee-content-card:hover{box-shadow:0 .5rem 3rem rgba(0,0,0,.2)}@media screen and (min-width:768px){.gesusu60 .kv-ee-content-card{height:calc(100% - 30px)}}.gesusu60 .kv-ee-aspect-ratio{width:100%;position:relative}.gesusu60 .kv-ee-aspect-ratio:after{display:block;content:\"\";padding-top:75%}.gesusu60 .kv-ee-aspect-ratio>.kv-ee-photo,.gesusu60 .kv-ee-aspect-ratio>.kv-ee-photo.kv-ee-gallery.kv-ee-content-image.kv-hover{position:absolute;top:0;right:0;bottom:0;left:0;background-size:cover;background-position:center center;background-color:var(--kv-ee-accent1);display:flex}.gesusu60 .kv-ee-aspect-ratio>.kv-ee-photo i,.gesusu60 .kv-ee-aspect-ratio>.kv-ee-photo.kv-ee-gallery.kv-ee-content-image.kv-hover i{text-shadow:none;width:100%;text-align:center;align-self:center}.gesusu60 .kv-ee-text-content{padding:2rem 1rem;max-width:600px;margin:auto}.gesusu60 .kv-ee-item-subtitle{margin-top:-.5rem;margin-bottom:.5rem;color:rgba(var(--kv-ee-text1),.75)}.gesusu60 .kv-ee-item-subtitle a{color:var(--kv-ee-text1)}.gesusu60 .kv-ee-social{flex-wrap:wrap}.gesusu60 .kv-ee-social .kv-ee-social-link{color:var(--kv-ee-text1-card);text-shadow:none;position:relative;display:inline-flex;transition:color .15s ease-out;height:1.25rem;width:1.25rem;justify-content:center;align-items:center}.gesusu60 .kv-ee-social .kv-ee-social-link:after{position:absolute;top:0;left:0;bottom:0;right:0;background-color:rgba(var(--kv-ee-accent1-rgb),.12);content:\"\";border-radius:50%;opacity:0;transform:scale(0);transition-property:opacity,transform;transition-duration:.33s;transition-timing-function:cubic-bezier(.175,.885,.32,1.275)}.gesusu60 .kv-ee-social .kv-ee-social-link i{font-size:1.25rem;position:relative;transition-property:transform;transition-duration:.33s;transition-timing-function:cubic-bezier(.175,.885,.32,1.275)}.gesusu60 .kv-ee-social .kv-ee-social-link svg{max-width:100%;max-height:100%;height:1.25rem}.gesusu60 .kv-ee-social .kv-ee-social-link:hover,.gesusu60 .kv-ee-social .kv-ee-social-link:focus{text-decoration:none}.gesusu60 .kv-ee-social .kv-ee-social-link:hover:after,.gesusu60 .kv-ee-social .kv-ee-social-link:focus:after{transform:scale(1);opacity:1}.gesusu60 .kv-ee-social .kv-ee-social-link:hover i,.gesusu60 .kv-ee-social .kv-ee-social-link:focus i{transform:scale(.8)}@media(min-width:768px){.gesusu60 .kv-ee-col-lg-12 .kv-ee-content-card{display:flex;flex-direction:row;align-items:center}.gesusu60 .kv-ee-col-lg-12 .kv-ee-content-card.kv-ee-flipped{justify-content:space-between}.gesusu60 .kv-ee-col-lg-12 .kv-ee-content-card.kv-ee-flipped .kv-ee-text-content{order:1}.gesusu60 .kv-ee-col-lg-12 .kv-ee-content-card.kv-ee-flipped .kv-ee-aspect-ratio{order:2;margin:0 0 0 2rem}.gesusu60 .kv-ee-col-lg-12 .kv-ee-content-card .kv-ee-text-content{justify-content:center;flex-grow:1}.gesusu60 .kv-ee-col-lg-12 .kv-ee-content-card .kv-ee-aspect-ratio{width:33%;min-width:240px;height:100%;margin:0 2rem 0 0;transform:none;-webkit-transform:none;-ms-transform:none}}.gesusu60 .kv-ee-drop-shadow{box-shadow:0 .5rem 1.25rem -.25rem rgba(0,0,0,.05)}.gesusu60 .kv-ee-rounded-corners .kv-ee-content-card{border-radius:.5rem}.gesusu60 .kv-ee-landscape:after{padding-top:75%}.gesusu60 .kv-ee-portrait:after{padding-top:133.33333%}.gesusu60 .kv-ee-square:after,.gesusu60 .kv-ee-original:after{padding-top:100%}.gesusu60 .kv-ee-align-left .kv-ee-text-content{text-align:left}.gesusu60 .kv-ee-align-left .kv-ee-social{justify-content:flex-start}.gesusu60 .kv-ee-align-left .kv-ee-social .kv-ee-social-link{margin-right:1rem}.gesusu60 .kv-ee-align-center .kv-ee-text-content{text-align:center}.gesusu60 .kv-ee-align-center .kv-ee-social{justify-content:center}.gesusu60 .kv-ee-align-center .kv-ee-social .kv-ee-social-link{margin-right:.5rem;margin-left:.5rem}.gesusu60 .kv-ee-align-right .kv-ee-text-content{text-align:right}.gesusu60 .kv-ee-align-right .kv-ee-social{justify-content:flex-end}.gesusu60 .kv-ee-align-right .kv-ee-social .kv-ee-social-link{margin-left:1rem}<\/style>","protected":false},"excerpt":{"rendered":"","protected":false},"author":1,"featured_media":0,"parent":0,"menu_order":0,"comment_status":"closed","ping_status":"closed","template":"wb4wp-template.php","meta":{"nf_dc_page":"","WB4WB4WP_MODE":"","WB4WP_PAGE_SCRIPTS":"","WB4WP_PAGE_STYLES":"","WB4WP_PAGE_FONTS":"","WB4WP_PAGE_HEADER":"","WB4WP_PAGE_FOOTER":"","footnotes":""},"class_list":["post-5","page","type-page","status-publish","hentry"],"yoast_head":"<!-- This site is optimized with the Yoast SEO plugin v27.4 - https:\/\/yoast.com\/product\/yoast-seo-wordpress\/ -->\n<title>Hizmetlerimiz - Ritmo Oto Tamir Servis Kaporta Bakim<\/title>\n<meta name=\"robots\" content=\"index, follow, max-snippet:-1, max-image-preview:large, max-video-preview:-1\" \/>\n<link rel=\"canonical\" href=\"https:\/\/ritmogrup.com\/?page_id=5\" \/>\n<meta property=\"og:locale\" content=\"tr_TR\" \/>\n<meta property=\"og:type\" content=\"article\" \/>\n<meta property=\"og:title\" content=\"Hizmetlerimiz - Ritmo Oto Tamir Servis Kaporta Bakim\" \/>\n<meta property=\"og:url\" content=\"https:\/\/ritmogrup.com\/?page_id=5\" \/>\n<meta property=\"og:site_name\" content=\"Ritmo Oto Tamir Servis Kaporta Bakim\" \/>\n<meta property=\"article:modified_time\" content=\"2023-09-08T09:25:51+00:00\" \/>\n<meta name=\"twitter:card\" content=\"summary_large_image\" \/>\n<meta name=\"twitter:label1\" content=\"Tahmini okuma s\u00fcresi\" \/>\n\t<meta name=\"twitter:data1\" content=\"1 dakika\" \/>\n<script type=\"application\/ld+json\" class=\"yoast-schema-graph\">{\"@context\":\"https:\\\/\\\/schema.org\",\"@graph\":[{\"@type\":\"WebPage\",\"@id\":\"https:\\\/\\\/ritmogrup.com\\\/?page_id=5\",\"url\":\"https:\\\/\\\/ritmogrup.com\\\/?page_id=5\",\"name\":\"Hizmetlerimiz - Ritmo Oto Tamir Servis Kaporta Bakim\",\"isPartOf\":{\"@id\":\"https:\\\/\\\/ritmogrup.com\\\/#website\"},\"datePublished\":\"2021-12-09T08:18:22+00:00\",\"dateModified\":\"2023-09-08T09:25:51+00:00\",\"breadcrumb\":{\"@id\":\"https:\\\/\\\/ritmogrup.com\\\/?page_id=5#breadcrumb\"},\"inLanguage\":\"tr\",\"potentialAction\":[{\"@type\":\"ReadAction\",\"target\":[\"https:\\\/\\\/ritmogrup.com\\\/?page_id=5\"]}]},{\"@type\":\"BreadcrumbList\",\"@id\":\"https:\\\/\\\/ritmogrup.com\\\/?page_id=5#breadcrumb\",\"itemListElement\":[{\"@type\":\"ListItem\",\"position\":1,\"name\":\"Home\",\"item\":\"https:\\\/\\\/ritmogrup.com\\\/\"},{\"@type\":\"ListItem\",\"position\":2,\"name\":\"Hizmetlerimiz\"}]},{\"@type\":\"WebSite\",\"@id\":\"https:\\\/\\\/ritmogrup.com\\\/#website\",\"url\":\"https:\\\/\\\/ritmogrup.com\\\/\",\"name\":\"Ritmo Oto Tamir Servis Kaporta Bakim\",\"description\":\"\",\"potentialAction\":[{\"@type\":\"SearchAction\",\"target\":{\"@type\":\"EntryPoint\",\"urlTemplate\":\"https:\\\/\\\/ritmogrup.com\\\/?s={search_term_string}\"},\"query-input\":{\"@type\":\"PropertyValueSpecification\",\"valueRequired\":true,\"valueName\":\"search_term_string\"}}],\"inLanguage\":\"tr\"}]}<\/script>\n<!-- \/ Yoast SEO plugin. -->","yoast_head_json":{"title":"Hizmetlerimiz - Ritmo Oto Tamir Servis Kaporta Bakim","robots":{"index":"index","follow":"follow","max-snippet":"max-snippet:-1","max-image-preview":"max-image-preview:large","max-video-preview":"max-video-preview:-1"},"canonical":"https:\/\/ritmogrup.com\/?page_id=5","og_locale":"tr_TR","og_type":"article","og_title":"Hizmetlerimiz - Ritmo Oto Tamir Servis Kaporta Bakim","og_url":"https:\/\/ritmogrup.com\/?page_id=5","og_site_name":"Ritmo Oto Tamir Servis Kaporta Bakim","article_modified_time":"2023-09-08T09:25:51+00:00","twitter_card":"summary_large_image","twitter_misc":{"Tahmini okuma s\u00fcresi":"1 dakika"},"schema":{"@context":"https:\/\/schema.org","@graph":[{"@type":"WebPage","@id":"https:\/\/ritmogrup.com\/?page_id=5","url":"https:\/\/ritmogrup.com\/?page_id=5","name":"Hizmetlerimiz - Ritmo Oto Tamir Servis Kaporta Bakim","isPartOf":{"@id":"https:\/\/ritmogrup.com\/#website"},"datePublished":"2021-12-09T08:18:22+00:00","dateModified":"2023-09-08T09:25:51+00:00","breadcrumb":{"@id":"https:\/\/ritmogrup.com\/?page_id=5#breadcrumb"},"inLanguage":"tr","potentialAction":[{"@type":"ReadAction","target":["https:\/\/ritmogrup.com\/?page_id=5"]}]},{"@type":"BreadcrumbList","@id":"https:\/\/ritmogrup.com\/?page_id=5#breadcrumb","itemListElement":[{"@type":"ListItem","position":1,"name":"Home","item":"https:\/\/ritmogrup.com\/"},{"@type":"ListItem","position":2,"name":"Hizmetlerimiz"}]},{"@type":"WebSite","@id":"https:\/\/ritmogrup.com\/#website","url":"https:\/\/ritmogrup.com\/","name":"Ritmo Oto Tamir Servis Kaporta Bakim","description":"","potentialAction":[{"@type":"SearchAction","target":{"@type":"EntryPoint","urlTemplate":"https:\/\/ritmogrup.com\/?s={search_term_string}"},"query-input":{"@type":"PropertyValueSpecification","valueRequired":true,"valueName":"search_term_string"}}],"inLanguage":"tr"}]}},"jetpack_sharing_enabled":true,"_links":{"self":[{"href":"https:\/\/ritmogrup.com\/index.php?rest_route=\/wp\/v2\/pages\/5","targetHints":{"allow":["GET"]}}],"collection":[{"href":"https:\/\/ritmogrup.com\/index.php?rest_route=\/wp\/v2\/pages"}],"about":[{"href":"https:\/\/ritmogrup.com\/index.php?rest_route=\/wp\/v2\/types\/page"}],"author":[{"embeddable":true,"href":"https:\/\/ritmogrup.com\/index.php?rest_route=\/wp\/v2\/users\/1"}],"replies":[{"embeddable":true,"href":"https:\/\/ritmogrup.com\/index.php?rest_route=%2Fwp%2Fv2%2Fcomments&post=5"}],"version-history":[{"count":0,"href":"https:\/\/ritmogrup.com\/index.php?rest_route=\/wp\/v2\/pages\/5\/revisions"}],"wp:attachment":[{"href":"https:\/\/ritmogrup.com\/index.php?rest_route=%2Fwp%2Fv2%2Fmedia&parent=5"}],"curies":[{"name":"wp","href":"https:\/\/api.w.org\/{rel}","templated":true}]}}